{"id":99864,"date":"2024-09-17T18:05:04","date_gmt":"2024-09-17T16:05:04","guid":{"rendered":"https:\/\/www.guitare-village.com\/website\/?post_type=product&#038;p=99864"},"modified":"2025-06-24T13:13:59","modified_gmt":"2025-06-24T11:13:59","slug":"miel-francais-guitare-village","status":"publish","type":"product","link":"https:\/\/www.guitare-village.com\/website\/index.php\/produit\/miel-francais-guitare-village","title":{"rendered":"Miel d&rsquo;Et\u00e9 Fran\u00e7ais Guitare Village"},"content":{"rendered":"","protected":false},"excerpt":{"rendered":"<p>470 gr &#8211; R\u00e9colt\u00e9 par M comme Miel dans l&rsquo;Oise<\/p>\n","protected":false},"featured_media":99865,"template":"","meta":{"_acf_changed":false,"jetpack_publicize_message":"","jetpack_publicize_feature_enabled":true,"jetpack_social_post_already_shared":false,"jetpack_social_options":{"image_generator_settings":{"template":"highway","default_image_id":0,"font":"","enabled":false},"version":2}},"product_brand":[],"product_cat":[73,72],"product_tag":[],"class_list":{"0":"post-99864","1":"product","2":"type-product","3":"status-publish","4":"has-post-thumbnail","6":"product_cat-merchandising","7":"product_cat-neuf","8":"product_shipping_class-neuf-france","10":"first","11":"instock","12":"shipping-taxable","13":"purchasable","14":"product-type-simple"},"acf":[],"jetpack_publicize_connections":[],"_links":{"self":[{"href":"https:\/\/www.guitare-village.com\/website\/index.php\/wp-json\/wp\/v2\/product\/99864","targetHints":{"allow":["GET"]}}],"collection":[{"href":"https:\/\/www.guitare-village.com\/website\/index.php\/wp-json\/wp\/v2\/product"}],"about":[{"href":"https:\/\/www.guitare-village.com\/website\/index.php\/wp-json\/wp\/v2\/types\/product"}],"wp:featuredmedia":[{"embeddable":true,"href":"https:\/\/www.guitare-village.com\/website\/index.php\/wp-json\/wp\/v2\/media\/99865"}],"wp:attachment":[{"href":"https:\/\/www.guitare-village.com\/website\/index.php\/wp-json\/wp\/v2\/media?parent=99864"}],"wp:term":[{"taxonomy":"product_brand","embeddable":true,"href":"https:\/\/www.guitare-village.com\/website\/index.php\/wp-json\/wp\/v2\/product_brand?post=99864"},{"taxonomy":"product_cat","embeddable":true,"href":"https:\/\/www.guitare-village.com\/website\/index.php\/wp-json\/wp\/v2\/product_cat?post=99864"},{"taxonomy":"product_tag","embeddable":true,"href":"https:\/\/www.guitare-village.com\/website\/index.php\/wp-json\/wp\/v2\/product_tag?post=99864"}],"curies":[{"name":"wp","href":"https:\/\/api.w.org\/{rel}","templated":true}]}}