{"id":98458,"date":"2024-08-16T16:58:54","date_gmt":"2024-08-16T14:58:54","guid":{"rendered":"https:\/\/www.guitare-village.com\/website\/?post_type=product&#038;p=98458"},"modified":"2026-04-28T11:44:57","modified_gmt":"2026-04-28T09:44:57","slug":"esteve-modele-n1-lh","status":"publish","type":"product","link":"https:\/\/www.guitare-village.com\/website\/index.php\/produit\/esteve-modele-n1-lh","title":{"rendered":"Esteve Mod\u00e8le n\u00b01 LH"},"content":{"rendered":"","protected":false},"excerpt":{"rendered":"<p>DP02384<\/p>\n<h5><em>Chaque mat\u00e9riel fait l\u2019objet d\u2019une pr\u00e9paration rigoureuse avant exp\u00e9dition : il est test\u00e9, contr\u00f4l\u00e9 et soigneusement nettoy\u00e9 afin de garantir une pr\u00e9sentation et un fonctionnement optimaux.<\/em><\/h5>\n<h5><em>Le produit est propos\u00e9 en l\u2019\u00e9tat, conform\u00e9ment \u00e0 sa description. Chaque pi\u00e8ce conserve son caract\u00e8re propre, reflet de son histoire et de son usage.<\/em><\/h5>\n<h5><em>Nous attachons une importance particuli\u00e8re \u00e0 la transparence : nous restons \u00e0 votre <a href=\"infoguitarevillage@gmail.com\">disposition<\/a> pour tout compl\u00e9ment d\u2019information, conseil, ou envoi de photographies suppl\u00e9mentaires afin de vous accompagner dans votre choix en toute s\u00e9r\u00e9nit\u00e9.<\/em><\/h5>\n","protected":false},"featured_media":98521,"template":"","meta":{"_acf_changed":false,"jetpack_publicize_message":"","jetpack_publicize_feature_enabled":true,"jetpack_social_post_already_shared":false,"jetpack_social_options":{"image_generator_settings":{"template":"highway","default_image_id":0,"font":"","enabled":false},"version":2}},"product_brand":[],"product_cat":[274,24,374,18],"product_tag":[],"class_list":{"0":"post-98458","1":"product","2":"type-product","3":"status-publish","4":"has-post-thumbnail","6":"product_cat-acoustiques-gauchers","7":"product_cat-gauchers","8":"product_cat-eshop-good-deal","9":"product_cat-occasion","10":"product_shipping_class-guitare8","12":"first","13":"outofstock","14":"shipping-taxable","15":"purchasable","16":"product-type-simple"},"acf":[],"jetpack_publicize_connections":[],"_links":{"self":[{"href":"https:\/\/www.guitare-village.com\/website\/index.php\/wp-json\/wp\/v2\/product\/98458","targetHints":{"allow":["GET"]}}],"collection":[{"href":"https:\/\/www.guitare-village.com\/website\/index.php\/wp-json\/wp\/v2\/product"}],"about":[{"href":"https:\/\/www.guitare-village.com\/website\/index.php\/wp-json\/wp\/v2\/types\/product"}],"wp:featuredmedia":[{"embeddable":true,"href":"https:\/\/www.guitare-village.com\/website\/index.php\/wp-json\/wp\/v2\/media\/98521"}],"wp:attachment":[{"href":"https:\/\/www.guitare-village.com\/website\/index.php\/wp-json\/wp\/v2\/media?parent=98458"}],"wp:term":[{"taxonomy":"product_brand","embeddable":true,"href":"https:\/\/www.guitare-village.com\/website\/index.php\/wp-json\/wp\/v2\/product_brand?post=98458"},{"taxonomy":"product_cat","embeddable":true,"href":"https:\/\/www.guitare-village.com\/website\/index.php\/wp-json\/wp\/v2\/product_cat?post=98458"},{"taxonomy":"product_tag","embeddable":true,"href":"https:\/\/www.guitare-village.com\/website\/index.php\/wp-json\/wp\/v2\/product_tag?post=98458"}],"curies":[{"name":"wp","href":"https:\/\/api.w.org\/{rel}","templated":true}]}}