{"id":93893,"date":"2023-07-21T13:49:35","date_gmt":"2023-07-21T11:49:35","guid":{"rendered":"https:\/\/guitare-village.com\/website\/?post_type=product&#038;p=93893"},"modified":"2026-04-28T11:43:48","modified_gmt":"2026-04-28T09:43:48","slug":"digitech-ex7-avec-alimentation","status":"publish","type":"product","link":"https:\/\/www.guitare-village.com\/website\/index.php\/produit\/digitech-ex7-avec-alimentation","title":{"rendered":"Digitech EX7 avec alimentation"},"content":{"rendered":"","protected":false},"excerpt":{"rendered":"<p>DP01021<\/p>\n<h5><em>Chaque mat\u00e9riel fait l\u2019objet d\u2019une pr\u00e9paration rigoureuse avant exp\u00e9dition : il est test\u00e9, contr\u00f4l\u00e9 et soigneusement nettoy\u00e9 afin de garantir une pr\u00e9sentation et un fonctionnement optimaux.<\/em><\/h5>\n<h5><em>Le produit est propos\u00e9 en l\u2019\u00e9tat, conform\u00e9ment \u00e0 sa description. Chaque pi\u00e8ce conserve son caract\u00e8re propre, reflet de son histoire et de son usage.<\/em><\/h5>\n<h5><em>Nous attachons une importance particuli\u00e8re \u00e0 la transparence : nous restons \u00e0 votre <a href=\"infoguitarevillage@gmail.com\">disposition<\/a> pour tout compl\u00e9ment d\u2019information, conseil, ou envoi de photographies suppl\u00e9mentaires afin de vous accompagner dans votre choix en toute s\u00e9r\u00e9nit\u00e9.<\/em><\/h5>\n","protected":false},"featured_media":93894,"template":"","meta":{"_acf_changed":false,"jetpack_publicize_message":"","jetpack_publicize_feature_enabled":true,"jetpack_social_post_already_shared":false,"jetpack_social_options":{"image_generator_settings":{"template":"highway","default_image_id":0,"font":"","enabled":false},"version":2}},"product_brand":[],"product_cat":[18,389,39],"product_tag":[],"class_list":{"0":"post-93893","1":"product","2":"type-product","3":"status-publish","4":"has-post-thumbnail","6":"product_cat-occasion","7":"product_cat-effets-occasion","8":"product_cat-wah-wah","9":"product_shipping_class-effets-moyens","11":"first","12":"instock","13":"shipping-taxable","14":"purchasable","15":"product-type-simple"},"acf":[],"jetpack_publicize_connections":[],"_links":{"self":[{"href":"https:\/\/www.guitare-village.com\/website\/index.php\/wp-json\/wp\/v2\/product\/93893","targetHints":{"allow":["GET"]}}],"collection":[{"href":"https:\/\/www.guitare-village.com\/website\/index.php\/wp-json\/wp\/v2\/product"}],"about":[{"href":"https:\/\/www.guitare-village.com\/website\/index.php\/wp-json\/wp\/v2\/types\/product"}],"wp:featuredmedia":[{"embeddable":true,"href":"https:\/\/www.guitare-village.com\/website\/index.php\/wp-json\/wp\/v2\/media\/93894"}],"wp:attachment":[{"href":"https:\/\/www.guitare-village.com\/website\/index.php\/wp-json\/wp\/v2\/media?parent=93893"}],"wp:term":[{"taxonomy":"product_brand","embeddable":true,"href":"https:\/\/www.guitare-village.com\/website\/index.php\/wp-json\/wp\/v2\/product_brand?post=93893"},{"taxonomy":"product_cat","embeddable":true,"href":"https:\/\/www.guitare-village.com\/website\/index.php\/wp-json\/wp\/v2\/product_cat?post=93893"},{"taxonomy":"product_tag","embeddable":true,"href":"https:\/\/www.guitare-village.com\/website\/index.php\/wp-json\/wp\/v2\/product_tag?post=93893"}],"curies":[{"name":"wp","href":"https:\/\/api.w.org\/{rel}","templated":true}]}}