{"id":128181,"date":"2026-05-16T09:22:05","date_gmt":"2026-05-16T07:22:05","guid":{"rendered":"https:\/\/www.guitare-village.com\/website\/?post_type=product&#038;p=128181"},"modified":"2026-05-16T09:25:54","modified_gmt":"2026-05-16T07:25:54","slug":"j-bro-big-butt","status":"publish","type":"product","link":"https:\/\/www.guitare-village.com\/website\/index.php\/produit\/j-bro-big-butt","title":{"rendered":"J.BRO BIG BUTT"},"content":{"rendered":"","protected":false},"excerpt":{"rendered":"<p>-corps \u00e9pic\u00e9a des Bauges + table en fr\u00eane des Bauges une pi\u00e8ce<br \/>\n-Manche ALL PARTS CBS mapple \u00a0radius 7.25 . FRETTES VINTAGE \u00a0. SILLET OS ; cordes 10\/46<br \/>\n-micros DREAMSONGS BIILY GIBBONS STYLE ;\u00a0 bridge splittable avec le potard de volume<br \/>\n&#8211; accastillage GOTOH<br \/>\n&#8211; pickguard m\u00e9tal JBRO<br \/>\n-finition roots vernis nitro<br \/>\nAvec \u00e9tui<br \/>\nDP05007<\/p>\n","protected":false},"featured_media":127805,"template":"","meta":{"jetpack_publicize_message":"","jetpack_publicize_feature_enabled":true,"jetpack_social_post_already_shared":true,"jetpack_social_options":{"image_generator_settings":{"template":"highway","default_image_id":0,"font":"","enabled":false},"version":2}},"product_brand":[],"product_cat":[532,79],"product_tag":[],"class_list":{"0":"post-128181","1":"product","2":"type-product","3":"status-publish","4":"has-post-thumbnail","6":"product_cat-j-bro-custom-guitars","7":"product_cat-luthiers","8":"product_shipping_class-guitare10","10":"first","11":"instock","12":"shipping-taxable","13":"purchasable","14":"product-type-simple"},"jetpack_publicize_connections":[],"_links":{"self":[{"href":"https:\/\/www.guitare-village.com\/website\/index.php\/wp-json\/wp\/v2\/product\/128181","targetHints":{"allow":["GET"]}}],"collection":[{"href":"https:\/\/www.guitare-village.com\/website\/index.php\/wp-json\/wp\/v2\/product"}],"about":[{"href":"https:\/\/www.guitare-village.com\/website\/index.php\/wp-json\/wp\/v2\/types\/product"}],"wp:featuredmedia":[{"embeddable":true,"href":"https:\/\/www.guitare-village.com\/website\/index.php\/wp-json\/wp\/v2\/media\/127805"}],"wp:attachment":[{"href":"https:\/\/www.guitare-village.com\/website\/index.php\/wp-json\/wp\/v2\/media?parent=128181"}],"wp:term":[{"taxonomy":"product_brand","embeddable":true,"href":"https:\/\/www.guitare-village.com\/website\/index.php\/wp-json\/wp\/v2\/product_brand?post=128181"},{"taxonomy":"product_cat","embeddable":true,"href":"https:\/\/www.guitare-village.com\/website\/index.php\/wp-json\/wp\/v2\/product_cat?post=128181"},{"taxonomy":"product_tag","embeddable":true,"href":"https:\/\/www.guitare-village.com\/website\/index.php\/wp-json\/wp\/v2\/product_tag?post=128181"}],"curies":[{"name":"wp","href":"https:\/\/api.w.org\/{rel}","templated":true}]}}