{"id":128180,"date":"2026-05-16T09:15:23","date_gmt":"2026-05-16T07:15:23","guid":{"rendered":"https:\/\/www.guitare-village.com\/website\/?post_type=product&#038;p=128180"},"modified":"2026-05-16T09:27:22","modified_gmt":"2026-05-16T07:27:22","slug":"j-bro-blue-matter","status":"publish","type":"product","link":"https:\/\/www.guitare-village.com\/website\/index.php\/produit\/j-bro-blue-matter","title":{"rendered":"J.BRO BLUE MATTER"},"content":{"rendered":"","protected":false},"excerpt":{"rendered":"<p>-corps thinline : fr\u00eane europ\u00e9en + table en charme ; filet cr\u00e8me<br \/>\n-manche ALL PARTS mapple radius 10 ;\u00a0 cordes 10\/46 ; sillet os<br \/>\n-micros DREAMTRON ( DREAMSONGS TYPE FILTERTRON ) ;<br \/>\n-micro manche splittable avec potard de volume<br \/>\n-accastillage GOTOH<br \/>\n-finition relic light type sonic blue ; vernis nitro<br \/>\nAvec \u00e9tui<br \/>\nDP05007<\/p>\n","protected":false},"featured_media":127935,"template":"","meta":{"jetpack_publicize_message":"","jetpack_publicize_feature_enabled":true,"jetpack_social_post_already_shared":true,"jetpack_social_options":{"image_generator_settings":{"template":"highway","default_image_id":0,"font":"","enabled":false},"version":2}},"product_brand":[],"product_cat":[532,79],"product_tag":[],"class_list":{"0":"post-128180","1":"product","2":"type-product","3":"status-publish","4":"has-post-thumbnail","6":"product_cat-j-bro-custom-guitars","7":"product_cat-luthiers","8":"product_shipping_class-guitare10","10":"first","11":"instock","12":"shipping-taxable","13":"purchasable","14":"product-type-simple"},"jetpack_publicize_connections":[],"_links":{"self":[{"href":"https:\/\/www.guitare-village.com\/website\/index.php\/wp-json\/wp\/v2\/product\/128180","targetHints":{"allow":["GET"]}}],"collection":[{"href":"https:\/\/www.guitare-village.com\/website\/index.php\/wp-json\/wp\/v2\/product"}],"about":[{"href":"https:\/\/www.guitare-village.com\/website\/index.php\/wp-json\/wp\/v2\/types\/product"}],"wp:featuredmedia":[{"embeddable":true,"href":"https:\/\/www.guitare-village.com\/website\/index.php\/wp-json\/wp\/v2\/media\/127935"}],"wp:attachment":[{"href":"https:\/\/www.guitare-village.com\/website\/index.php\/wp-json\/wp\/v2\/media?parent=128180"}],"wp:term":[{"taxonomy":"product_brand","embeddable":true,"href":"https:\/\/www.guitare-village.com\/website\/index.php\/wp-json\/wp\/v2\/product_brand?post=128180"},{"taxonomy":"product_cat","embeddable":true,"href":"https:\/\/www.guitare-village.com\/website\/index.php\/wp-json\/wp\/v2\/product_cat?post=128180"},{"taxonomy":"product_tag","embeddable":true,"href":"https:\/\/www.guitare-village.com\/website\/index.php\/wp-json\/wp\/v2\/product_tag?post=128180"}],"curies":[{"name":"wp","href":"https:\/\/api.w.org\/{rel}","templated":true}]}}