{"id":115893,"date":"2025-07-23T11:20:32","date_gmt":"2025-07-23T09:20:32","guid":{"rendered":"https:\/\/www.guitare-village.com\/website\/?post_type=product&#038;p=115893"},"modified":"2026-04-28T12:01:34","modified_gmt":"2026-04-28T10:01:34","slug":"dod-overdrive-preamp-250-3","status":"publish","type":"product","link":"https:\/\/www.guitare-village.com\/website\/index.php\/produit\/dod-overdrive-preamp-250-3","title":{"rendered":"DOD OVERDRIVE PREAMP 250"},"content":{"rendered":"","protected":false},"excerpt":{"rendered":"<h5><em>Chaque mat\u00e9riel fait l\u2019objet d\u2019une pr\u00e9paration rigoureuse avant exp\u00e9dition : il est test\u00e9, contr\u00f4l\u00e9 et soigneusement nettoy\u00e9 afin de garantir une pr\u00e9sentation et un fonctionnement optimaux.<\/em><\/h5>\n<h5><em>Le produit est propos\u00e9 en l\u2019\u00e9tat, conform\u00e9ment \u00e0 sa description. Chaque pi\u00e8ce conserve son caract\u00e8re propre, reflet de son histoire et de son usage.<\/em><\/h5>\n<h5><em>Nous attachons une importance particuli\u00e8re \u00e0 la transparence : nous restons \u00e0 votre <a href=\"infoguitarevillage@gmail.com\">disposition<\/a> pour tout compl\u00e9ment d\u2019information, conseil, ou envoi de photographies suppl\u00e9mentaires afin de vous accompagner dans votre choix en toute s\u00e9r\u00e9nit\u00e9.<\/em><\/h5>\n","protected":false},"featured_media":115894,"template":"","meta":{"jetpack_publicize_message":"","jetpack_publicize_feature_enabled":true,"jetpack_social_post_already_shared":false,"jetpack_social_options":{"image_generator_settings":{"template":"highway","default_image_id":0,"font":"","enabled":false},"version":2}},"product_brand":[],"product_cat":[18,389],"product_tag":[],"class_list":{"0":"post-115893","1":"product","2":"type-product","3":"status-publish","4":"has-post-thumbnail","6":"product_cat-occasion","7":"product_cat-effets-occasion","9":"first","10":"instock","11":"shipping-taxable","12":"purchasable","13":"product-type-simple"},"jetpack_publicize_connections":[],"_links":{"self":[{"href":"https:\/\/www.guitare-village.com\/website\/index.php\/wp-json\/wp\/v2\/product\/115893","targetHints":{"allow":["GET"]}}],"collection":[{"href":"https:\/\/www.guitare-village.com\/website\/index.php\/wp-json\/wp\/v2\/product"}],"about":[{"href":"https:\/\/www.guitare-village.com\/website\/index.php\/wp-json\/wp\/v2\/types\/product"}],"wp:featuredmedia":[{"embeddable":true,"href":"https:\/\/www.guitare-village.com\/website\/index.php\/wp-json\/wp\/v2\/media\/115894"}],"wp:attachment":[{"href":"https:\/\/www.guitare-village.com\/website\/index.php\/wp-json\/wp\/v2\/media?parent=115893"}],"wp:term":[{"taxonomy":"product_brand","embeddable":true,"href":"https:\/\/www.guitare-village.com\/website\/index.php\/wp-json\/wp\/v2\/product_brand?post=115893"},{"taxonomy":"product_cat","embeddable":true,"href":"https:\/\/www.guitare-village.com\/website\/index.php\/wp-json\/wp\/v2\/product_cat?post=115893"},{"taxonomy":"product_tag","embeddable":true,"href":"https:\/\/www.guitare-village.com\/website\/index.php\/wp-json\/wp\/v2\/product_tag?post=115893"}],"curies":[{"name":"wp","href":"https:\/\/api.w.org\/{rel}","templated":true}]}}