{"id":115157,"date":"2025-07-03T10:13:59","date_gmt":"2025-07-03T08:13:59","guid":{"rendered":"https:\/\/www.guitare-village.com\/website\/?post_type=product&#038;p=115157"},"modified":"2026-04-28T12:00:05","modified_gmt":"2026-04-28T10:00:05","slug":"maton-mini-maton-eml-6","status":"publish","type":"product","link":"https:\/\/www.guitare-village.com\/website\/index.php\/produit\/maton-mini-maton-eml-6","title":{"rendered":"MATON MINI MATON EML 6"},"content":{"rendered":"","protected":false},"excerpt":{"rendered":"<p>AVEC ETUI<br \/>\nDP04123 <\/p>\n<h5><em>Chaque mat\u00e9riel fait l\u2019objet d\u2019une pr\u00e9paration rigoureuse avant exp\u00e9dition : il est test\u00e9, contr\u00f4l\u00e9 et soigneusement nettoy\u00e9 afin de garantir une pr\u00e9sentation et un fonctionnement optimaux.<\/em><\/h5>\n<h5><em>Le produit est propos\u00e9 en l\u2019\u00e9tat, conform\u00e9ment \u00e0 sa description. Chaque pi\u00e8ce conserve son caract\u00e8re propre, reflet de son histoire et de son usage.<\/em><\/h5>\n<h5><em>Nous attachons une importance particuli\u00e8re \u00e0 la transparence : nous restons \u00e0 votre <a href=\"infoguitarevillage@gmail.com\">disposition<\/a> pour tout compl\u00e9ment d\u2019information, conseil, ou envoi de photographies suppl\u00e9mentaires afin de vous accompagner dans votre choix en toute s\u00e9r\u00e9nit\u00e9.<\/em><\/h5>\n","protected":false},"featured_media":115096,"template":"","meta":{"_acf_changed":false,"jetpack_publicize_message":"","jetpack_publicize_feature_enabled":true,"jetpack_social_post_already_shared":false,"jetpack_social_options":{"image_generator_settings":{"template":"highway","default_image_id":0,"font":"","enabled":false},"version":2}},"product_brand":[],"product_cat":[384,305,18],"product_tag":[],"class_list":{"0":"post-115157","1":"product","2":"type-product","3":"status-publish","4":"has-post-thumbnail","6":"product_cat-acoustiques","7":"product_cat-divers-guitares-acoustiques","8":"product_cat-occasion","10":"first","11":"outofstock","12":"virtual","13":"purchasable","14":"product-type-simple"},"acf":[],"jetpack_publicize_connections":[],"_links":{"self":[{"href":"https:\/\/www.guitare-village.com\/website\/index.php\/wp-json\/wp\/v2\/product\/115157","targetHints":{"allow":["GET"]}}],"collection":[{"href":"https:\/\/www.guitare-village.com\/website\/index.php\/wp-json\/wp\/v2\/product"}],"about":[{"href":"https:\/\/www.guitare-village.com\/website\/index.php\/wp-json\/wp\/v2\/types\/product"}],"wp:featuredmedia":[{"embeddable":true,"href":"https:\/\/www.guitare-village.com\/website\/index.php\/wp-json\/wp\/v2\/media\/115096"}],"wp:attachment":[{"href":"https:\/\/www.guitare-village.com\/website\/index.php\/wp-json\/wp\/v2\/media?parent=115157"}],"wp:term":[{"taxonomy":"product_brand","embeddable":true,"href":"https:\/\/www.guitare-village.com\/website\/index.php\/wp-json\/wp\/v2\/product_brand?post=115157"},{"taxonomy":"product_cat","embeddable":true,"href":"https:\/\/www.guitare-village.com\/website\/index.php\/wp-json\/wp\/v2\/product_cat?post=115157"},{"taxonomy":"product_tag","embeddable":true,"href":"https:\/\/www.guitare-village.com\/website\/index.php\/wp-json\/wp\/v2\/product_tag?post=115157"}],"curies":[{"name":"wp","href":"https:\/\/api.w.org\/{rel}","templated":true}]}}