{"id":108326,"date":"2025-03-21T12:06:50","date_gmt":"2025-03-21T11:06:50","guid":{"rendered":"https:\/\/www.guitare-village.com\/website\/?page_id=108326"},"modified":"2026-04-21T15:54:56","modified_gmt":"2026-04-21T13:54:56","slug":"lequipe-guitare-village","status":"publish","type":"page","link":"https:\/\/www.guitare-village.com\/website\/index.php\/lequipe-guitare-village","title":{"rendered":"Le Village !"},"content":{"rendered":"\n<p><strong>Nos Services &#8211; Bien plus qu&rsquo;un simple achat<\/strong><\/p>\n\n\n\n<div class=\"wp-block-group\"><div class=\"wp-block-group__inner-container is-layout-constrained wp-block-group-is-layout-constrained\">\n<p>Chez Guitare Village, on ne se contente pas de vendre des instruments. On vous accompagne \u00e0 chaque \u00e9tape, avec des services pens\u00e9s pour les musiciens exigeants.<\/p>\n\n\n\n<ul class=\"wp-block-list\">\n<li>Conseil personnalis\u00e9, besoin d&rsquo;aide pour choisir ? Notre \u00e9quipe vous guide selon votre niveau, votre style et votre budget.<\/li>\n<\/ul>\n\n\n\n<ul class=\"wp-block-list\">\n<li>R\u00e9glage &amp; Pr\u00e9paration, chaque article est v\u00e9rifi\u00e9 et r\u00e9gl\u00e9 avant exp\u00e9dition pour une prise en main optimal d\u00e8s r\u00e9ception.<\/li>\n<\/ul>\n\n\n\n<ul class=\"wp-block-list\">\n<li>Livraison rapide et s\u00e9curis\u00e9, nous exp\u00e9dions partout dans le monde. Exp\u00e9dition soign\u00e9e, suivi en temps r\u00e9el et emballage renforc\u00e9 pour prot\u00e9ger votre instrument.<\/li>\n<\/ul>\n\n\n\n<ul class=\"wp-block-list\">\n<li>Occasion et reprise, donnez une seconde vie \u00e0 votre mat\u00e9riel ou trouvez des p\u00e9pites parmi un grand choix d&rsquo;instruments.<\/li>\n<\/ul>\n\n\n\n<ul class=\"wp-block-list\">\n<li>Entretien &amp; R\u00e9paration Confiez-nous votre instrument pour un r\u00e9glage, une r\u00e9paration ou une optimisation compl\u00e8te.<\/li>\n<\/ul>\n\n\n\n<ul class=\"wp-block-list\">\n<li>Paiement s\u00e9curis\u00e9 et facilit\u00e9, achetez en toute confiance avec de solutions de paiement adapt\u00e9es \u00e0 vos besoins.<\/li>\n<\/ul>\n<\/div><\/div>\n\n\n\n<p><\/p>\n\n\n\n<div class=\"wp-block-buttons is-content-justification-right is-layout-flex wp-container-core-buttons-is-layout-d445cf74 wp-block-buttons-is-layout-flex\">\n<div class=\"wp-block-button\"><a class=\"wp-block-button__link wp-element-button\" href=\"https:\/\/www.guitare-village.com\/website\/?page_id=108323&amp;preview=true\">D\u00c9P\u00d4T-VENTE ET ACHAT DIRECT<\/a><\/div>\n<\/div>\n\n\n\n<p><\/p>\n\n\n\n<p>Un doute ? une question ? Notre \u00e9quipe sera l\u00e0 pour vous r\u00e9pondre du mardi au samedi de 10h00 \u00e0 19h30 au 01.39.91.16.63 ou sur infoguitarevillage@gmail.com<\/p>\n\n\n\n<p><\/p>\n\n\n\n<p><\/p>\n\n\n\n<p><\/p>\n\n\n\n<h2 class=\"wp-block-heading\">L&rsquo;\u00e9quipe Guitare Village<\/h2>\n\n\n\n<p><\/p>\n\n\n\n<p><\/p>\n\n\n<div class=\"wp-block-image is-style-rounded\">\n<figure class=\"aligncenter size-large is-resized\"><a href=\"https:\/\/i0.wp.com\/www.guitare-village.com\/website\/wp-content\/uploads\/2025\/02\/FB_IMG_1696703104540.jpg?ssl=1\"><img data-recalc-dims=\"1\" loading=\"lazy\" decoding=\"async\" width=\"980\" height=\"745\" src=\"https:\/\/i0.wp.com\/www.guitare-village.com\/website\/wp-content\/uploads\/2025\/02\/FB_IMG_1696703104540.jpg?resize=980%2C745&#038;ssl=1\" alt=\"Laurent MURELLI\" class=\"wp-image-108327\" style=\"width:754px;height:auto\" srcset=\"https:\/\/i0.wp.com\/www.guitare-village.com\/website\/wp-content\/uploads\/2025\/02\/FB_IMG_1696703104540.jpg?resize=1024%2C778&amp;ssl=1 1024w, https:\/\/i0.wp.com\/www.guitare-village.com\/website\/wp-content\/uploads\/2025\/02\/FB_IMG_1696703104540.jpg?resize=300%2C228&amp;ssl=1 300w, https:\/\/i0.wp.com\/www.guitare-village.com\/website\/wp-content\/uploads\/2025\/02\/FB_IMG_1696703104540.jpg?resize=768%2C584&amp;ssl=1 768w, https:\/\/i0.wp.com\/www.guitare-village.com\/website\/wp-content\/uploads\/2025\/02\/FB_IMG_1696703104540.jpg?resize=324%2C246&amp;ssl=1 324w, https:\/\/i0.wp.com\/www.guitare-village.com\/website\/wp-content\/uploads\/2025\/02\/FB_IMG_1696703104540.jpg?resize=416%2C316&amp;ssl=1 416w, https:\/\/i0.wp.com\/www.guitare-village.com\/website\/wp-content\/uploads\/2025\/02\/FB_IMG_1696703104540.jpg?w=1080&amp;ssl=1 1080w\" sizes=\"auto, (max-width: 980px) 100vw, 980px\" \/><\/a><\/figure>\n<\/div>\n\n\n<h5 class=\"wp-block-heading has-text-align-center has-white-color has-text-color has-link-color has-huge-font-size wp-elements-68e7b28f995fe26a4d5f8f1940d598f5\"><strong>Le Boss<\/strong> 1962 &#8211; 2025<\/h5>\n\n\n<div class=\"wp-block-image is-style-rounded\">\n<figure class=\"aligncenter size-full is-resized\"><a href=\"https:\/\/i0.wp.com\/www.guitare-village.com\/website\/wp-content\/uploads\/2025\/05\/FB_IMG_1747331191666.jpg?ssl=1\"><img data-recalc-dims=\"1\" loading=\"lazy\" decoding=\"async\" width=\"640\" height=\"640\" src=\"https:\/\/i0.wp.com\/www.guitare-village.com\/website\/wp-content\/uploads\/2025\/05\/FB_IMG_1747331191666.jpg?resize=640%2C640&#038;ssl=1\" alt=\"\" class=\"wp-image-113167\" style=\"width:476px;height:auto\" srcset=\"https:\/\/i0.wp.com\/www.guitare-village.com\/website\/wp-content\/uploads\/2025\/05\/FB_IMG_1747331191666.jpg?w=640&amp;ssl=1 640w, https:\/\/i0.wp.com\/www.guitare-village.com\/website\/wp-content\/uploads\/2025\/05\/FB_IMG_1747331191666.jpg?resize=300%2C300&amp;ssl=1 300w, https:\/\/i0.wp.com\/www.guitare-village.com\/website\/wp-content\/uploads\/2025\/05\/FB_IMG_1747331191666.jpg?resize=150%2C150&amp;ssl=1 150w, https:\/\/i0.wp.com\/www.guitare-village.com\/website\/wp-content\/uploads\/2025\/05\/FB_IMG_1747331191666.jpg?resize=324%2C324&amp;ssl=1 324w, https:\/\/i0.wp.com\/www.guitare-village.com\/website\/wp-content\/uploads\/2025\/05\/FB_IMG_1747331191666.jpg?resize=416%2C416&amp;ssl=1 416w, https:\/\/i0.wp.com\/www.guitare-village.com\/website\/wp-content\/uploads\/2025\/05\/FB_IMG_1747331191666.jpg?resize=100%2C100&amp;ssl=1 100w\" sizes=\"auto, (max-width: 640px) 100vw, 640px\" \/><\/a><\/figure>\n<\/div>\n\n\n<p class=\"has-text-align-center has-white-color has-text-color has-link-color has-huge-font-size wp-elements-8f76fc513c924f580066d434216c3d75\"><strong>Manue &#8211; La Patronne<\/strong><\/p>\n\n\n<div class=\"wp-block-image is-style-rounded\">\n<figure class=\"aligncenter size-large is-resized\"><a href=\"https:\/\/i0.wp.com\/www.guitare-village.com\/website\/wp-content\/uploads\/2025\/03\/IMG_20240223_152026_104.jpg?ssl=1\"><img data-recalc-dims=\"1\" loading=\"lazy\" decoding=\"async\" width=\"920\" height=\"920\" src=\"https:\/\/i0.wp.com\/www.guitare-village.com\/website\/wp-content\/uploads\/2025\/03\/IMG_20240223_152026_104.jpg?resize=920%2C920&#038;ssl=1\" alt=\"\" class=\"wp-image-110259\" style=\"width:317px;height:auto\" srcset=\"https:\/\/i0.wp.com\/www.guitare-village.com\/website\/wp-content\/uploads\/2025\/03\/IMG_20240223_152026_104.jpg?w=920&amp;ssl=1 920w, https:\/\/i0.wp.com\/www.guitare-village.com\/website\/wp-content\/uploads\/2025\/03\/IMG_20240223_152026_104.jpg?resize=300%2C300&amp;ssl=1 300w, https:\/\/i0.wp.com\/www.guitare-village.com\/website\/wp-content\/uploads\/2025\/03\/IMG_20240223_152026_104.jpg?resize=150%2C150&amp;ssl=1 150w, https:\/\/i0.wp.com\/www.guitare-village.com\/website\/wp-content\/uploads\/2025\/03\/IMG_20240223_152026_104.jpg?resize=768%2C768&amp;ssl=1 768w, https:\/\/i0.wp.com\/www.guitare-village.com\/website\/wp-content\/uploads\/2025\/03\/IMG_20240223_152026_104.jpg?resize=324%2C324&amp;ssl=1 324w, https:\/\/i0.wp.com\/www.guitare-village.com\/website\/wp-content\/uploads\/2025\/03\/IMG_20240223_152026_104.jpg?resize=416%2C416&amp;ssl=1 416w, https:\/\/i0.wp.com\/www.guitare-village.com\/website\/wp-content\/uploads\/2025\/03\/IMG_20240223_152026_104.jpg?resize=100%2C100&amp;ssl=1 100w\" sizes=\"auto, (max-width: 920px) 100vw, 920px\" \/><\/a><\/figure>\n<\/div>\n\n\n<h2 class=\"wp-block-heading has-text-align-center has-white-color has-text-color has-link-color has-large-font-size wp-elements-86f7ca17686bb334987e1146ee37c7fc\"><strong>Marine &#8211; Assistante de gestion<\/strong><\/h2>\n\n\n<div class=\"wp-block-image is-style-rounded\">\n<figure class=\"aligncenter size-large is-resized\"><a href=\"https:\/\/i0.wp.com\/www.guitare-village.com\/website\/wp-content\/uploads\/2025\/03\/IMG-20250317-WA0003-1-scaled.jpg?ssl=1\"><img data-recalc-dims=\"1\" loading=\"lazy\" decoding=\"async\" width=\"951\" height=\"1024\" src=\"https:\/\/i0.wp.com\/www.guitare-village.com\/website\/wp-content\/uploads\/2025\/03\/IMG-20250317-WA0003-1.jpg?resize=951%2C1024&#038;ssl=1\" alt=\"\" class=\"wp-image-110262\" style=\"width:313px;height:auto\" srcset=\"https:\/\/i0.wp.com\/www.guitare-village.com\/website\/wp-content\/uploads\/2025\/03\/IMG-20250317-WA0003-1-scaled.jpg?resize=951%2C1024&amp;ssl=1 951w, https:\/\/i0.wp.com\/www.guitare-village.com\/website\/wp-content\/uploads\/2025\/03\/IMG-20250317-WA0003-1-scaled.jpg?resize=279%2C300&amp;ssl=1 279w, https:\/\/i0.wp.com\/www.guitare-village.com\/website\/wp-content\/uploads\/2025\/03\/IMG-20250317-WA0003-1-scaled.jpg?resize=768%2C827&amp;ssl=1 768w, https:\/\/i0.wp.com\/www.guitare-village.com\/website\/wp-content\/uploads\/2025\/03\/IMG-20250317-WA0003-1-scaled.jpg?resize=1426%2C1536&amp;ssl=1 1426w, https:\/\/i0.wp.com\/www.guitare-village.com\/website\/wp-content\/uploads\/2025\/03\/IMG-20250317-WA0003-1-scaled.jpg?resize=1902%2C2048&amp;ssl=1 1902w, https:\/\/i0.wp.com\/www.guitare-village.com\/website\/wp-content\/uploads\/2025\/03\/IMG-20250317-WA0003-1-scaled.jpg?resize=324%2C349&amp;ssl=1 324w, https:\/\/i0.wp.com\/www.guitare-village.com\/website\/wp-content\/uploads\/2025\/03\/IMG-20250317-WA0003-1-scaled.jpg?resize=416%2C448&amp;ssl=1 416w, https:\/\/i0.wp.com\/www.guitare-village.com\/website\/wp-content\/uploads\/2025\/03\/IMG-20250317-WA0003-1-scaled.jpg?w=1960&amp;ssl=1 1960w\" sizes=\"auto, (max-width: 951px) 100vw, 951px\" \/><\/a><\/figure>\n<\/div>\n\n\n<h2 class=\"wp-block-heading has-text-align-center has-white-color has-text-color has-link-color has-large-font-size wp-elements-bc1d0c320e2f69b0a5ef97c4ae22e38d\"><strong>Olivier &#8211; Vendeur gaucher Sp\u00e9cialis\u00e9 Guitare Manouche<\/strong> <strong>et Guitar Tech<\/strong><\/h2>\n\n\n\n<p class=\"has-text-align-center\">Pr\u00e9sent au magasin le mardi, mercredi, vendredi et samedi (absent le jeudi)<\/p>\n\n\n<div class=\"wp-block-image is-style-rounded\">\n<figure class=\"aligncenter size-full is-resized\"><a href=\"https:\/\/i0.wp.com\/www.guitare-village.com\/website\/wp-content\/uploads\/2025\/05\/012-Navid-scaled.jpeg?ssl=1\"><img data-recalc-dims=\"1\" loading=\"lazy\" decoding=\"async\" width=\"980\" height=\"1470\" src=\"https:\/\/i0.wp.com\/www.guitare-village.com\/website\/wp-content\/uploads\/2025\/05\/012-Navid-scaled.jpeg?resize=980%2C1470&#038;ssl=1\" alt=\"\" class=\"wp-image-112671\" style=\"width:277px;height:auto\" srcset=\"https:\/\/i0.wp.com\/www.guitare-village.com\/website\/wp-content\/uploads\/2025\/05\/012-Navid-scaled.jpeg?w=1707&amp;ssl=1 1707w, https:\/\/i0.wp.com\/www.guitare-village.com\/website\/wp-content\/uploads\/2025\/05\/012-Navid-scaled.jpeg?resize=200%2C300&amp;ssl=1 200w, https:\/\/i0.wp.com\/www.guitare-village.com\/website\/wp-content\/uploads\/2025\/05\/012-Navid-scaled.jpeg?resize=683%2C1024&amp;ssl=1 683w, https:\/\/i0.wp.com\/www.guitare-village.com\/website\/wp-content\/uploads\/2025\/05\/012-Navid-scaled.jpeg?resize=768%2C1152&amp;ssl=1 768w, https:\/\/i0.wp.com\/www.guitare-village.com\/website\/wp-content\/uploads\/2025\/05\/012-Navid-scaled.jpeg?resize=1024%2C1536&amp;ssl=1 1024w, https:\/\/i0.wp.com\/www.guitare-village.com\/website\/wp-content\/uploads\/2025\/05\/012-Navid-scaled.jpeg?resize=1365%2C2048&amp;ssl=1 1365w, https:\/\/i0.wp.com\/www.guitare-village.com\/website\/wp-content\/uploads\/2025\/05\/012-Navid-scaled.jpeg?resize=324%2C486&amp;ssl=1 324w, https:\/\/i0.wp.com\/www.guitare-village.com\/website\/wp-content\/uploads\/2025\/05\/012-Navid-scaled.jpeg?resize=416%2C624&amp;ssl=1 416w\" sizes=\"auto, (max-width: 980px) 100vw, 980px\" \/><\/a><\/figure>\n<\/div>\n\n\n<h2 class=\"wp-block-heading has-text-align-center has-white-color has-text-color has-link-color has-large-font-size wp-elements-165e2f42edc7698378e7761e99f5251f\"><strong>Navid &#8211; Vendeur Sp\u00e9cialis\u00e9 Vintage et Guitar Tech<\/strong><\/h2>\n\n\n\n<p class=\"has-text-align-center\">Pr\u00e9sent au magasin le mardi, mercredi et samedi  (absent le jeudi et le vendredi)<\/p>\n\n\n<div class=\"wp-block-image is-style-rounded\">\n<figure class=\"aligncenter size-large is-resized\"><a href=\"https:\/\/i0.wp.com\/www.guitare-village.com\/website\/wp-content\/uploads\/2025\/02\/Jeremy-edited.jpg?ssl=1\"><img data-recalc-dims=\"1\" loading=\"lazy\" decoding=\"async\" width=\"636\" height=\"636\" src=\"https:\/\/i0.wp.com\/www.guitare-village.com\/website\/wp-content\/uploads\/2025\/02\/Jeremy-edited.jpg?resize=636%2C636&#038;ssl=1\" alt=\"\" class=\"wp-image-108329\" style=\"width:310px;height:auto\" srcset=\"https:\/\/i0.wp.com\/www.guitare-village.com\/website\/wp-content\/uploads\/2025\/02\/Jeremy-edited.jpg?w=636&amp;ssl=1 636w, https:\/\/i0.wp.com\/www.guitare-village.com\/website\/wp-content\/uploads\/2025\/02\/Jeremy-edited.jpg?resize=300%2C300&amp;ssl=1 300w, https:\/\/i0.wp.com\/www.guitare-village.com\/website\/wp-content\/uploads\/2025\/02\/Jeremy-edited.jpg?resize=150%2C150&amp;ssl=1 150w, https:\/\/i0.wp.com\/www.guitare-village.com\/website\/wp-content\/uploads\/2025\/02\/Jeremy-edited.jpg?resize=324%2C324&amp;ssl=1 324w, https:\/\/i0.wp.com\/www.guitare-village.com\/website\/wp-content\/uploads\/2025\/02\/Jeremy-edited.jpg?resize=416%2C416&amp;ssl=1 416w, https:\/\/i0.wp.com\/www.guitare-village.com\/website\/wp-content\/uploads\/2025\/02\/Jeremy-edited.jpg?resize=100%2C100&amp;ssl=1 100w\" sizes=\"auto, (max-width: 636px) 100vw, 636px\" \/><\/a><\/figure>\n<\/div>\n\n\n<p class=\"has-text-align-center has-white-color has-text-color has-link-color has-large-font-size wp-elements-63a635dcaaa031f9de9bda68a136d08e\"><strong><strong>J\u00e9r\u00e9my &#8211; Vendeur Sp\u00e9cialis\u00e9 Metal et Vintage <\/strong><\/strong><\/p>\n\n\n\n<p class=\"has-text-align-center\">Pr\u00e9sent au magasin le mardi, jeudi, vendredi et samedi (absent le mercredi)<\/p>\n\n\n<div class=\"wp-block-image is-style-rounded\">\n<figure class=\"aligncenter size-full is-resized\"><a href=\"https:\/\/i0.wp.com\/www.guitare-village.com\/website\/wp-content\/uploads\/2025\/05\/juliensite.jpg?ssl=1\"><img data-recalc-dims=\"1\" loading=\"lazy\" decoding=\"async\" width=\"980\" height=\"1058\" src=\"https:\/\/i0.wp.com\/www.guitare-village.com\/website\/wp-content\/uploads\/2025\/05\/juliensite.jpg?resize=980%2C1058&#038;ssl=1\" alt=\"\" class=\"wp-image-113129\" style=\"width:316px;height:auto\" srcset=\"https:\/\/i0.wp.com\/www.guitare-village.com\/website\/wp-content\/uploads\/2025\/05\/juliensite.jpg?w=1884&amp;ssl=1 1884w, https:\/\/i0.wp.com\/www.guitare-village.com\/website\/wp-content\/uploads\/2025\/05\/juliensite.jpg?resize=278%2C300&amp;ssl=1 278w, https:\/\/i0.wp.com\/www.guitare-village.com\/website\/wp-content\/uploads\/2025\/05\/juliensite.jpg?resize=948%2C1024&amp;ssl=1 948w, https:\/\/i0.wp.com\/www.guitare-village.com\/website\/wp-content\/uploads\/2025\/05\/juliensite.jpg?resize=768%2C829&amp;ssl=1 768w, https:\/\/i0.wp.com\/www.guitare-village.com\/website\/wp-content\/uploads\/2025\/05\/juliensite.jpg?resize=1423%2C1536&amp;ssl=1 1423w, https:\/\/i0.wp.com\/www.guitare-village.com\/website\/wp-content\/uploads\/2025\/05\/juliensite.jpg?resize=324%2C350&amp;ssl=1 324w, https:\/\/i0.wp.com\/www.guitare-village.com\/website\/wp-content\/uploads\/2025\/05\/juliensite.jpg?resize=416%2C449&amp;ssl=1 416w\" sizes=\"auto, (max-width: 980px) 100vw, 980px\" \/><\/a><\/figure>\n<\/div>\n\n\n<h2 class=\"wp-block-heading has-text-align-center has-white-color has-text-color has-link-color has-large-font-size wp-elements-4aa64318d19657fbca93ad69dab478dd\"><strong>Julien &#8211; Vendeur<\/strong> <strong>Sp\u00e9cialis\u00e9 Pawnshop<\/strong><\/h2>\n\n\n\n<p class=\"has-text-align-center\">Pr\u00e9sent au magasin le mardi, mercredi, jeudi et samedi (absent le vendredi)<\/p>\n\n\n\n<div class=\"wp-block-group\"><div class=\"wp-block-group__inner-container is-layout-constrained wp-block-group-is-layout-constrained\">\n<details class=\"wp-block-details is-layout-flow wp-block-details-is-layout-flow\"><summary>Ils sont pass\u00e9s par l\u00e0 &#8230;. <br><br><br><br><br><\/summary><div class=\"wp-block-image is-style-rounded\">\n<figure class=\"aligncenter size-full is-resized\"><a href=\"https:\/\/i0.wp.com\/www.guitare-village.com\/website\/wp-content\/uploads\/2025\/03\/IMG-20250320-WA0000.jpg?ssl=1\"><img data-recalc-dims=\"1\" loading=\"lazy\" decoding=\"async\" width=\"980\" height=\"980\" src=\"https:\/\/i0.wp.com\/www.guitare-village.com\/website\/wp-content\/uploads\/2025\/03\/IMG-20250320-WA0000.jpg?resize=980%2C980&#038;ssl=1\" alt=\"\" class=\"wp-image-110501\" style=\"width:312px;height:auto\" srcset=\"https:\/\/i0.wp.com\/www.guitare-village.com\/website\/wp-content\/uploads\/2025\/03\/IMG-20250320-WA0000.jpg?w=2048&amp;ssl=1 2048w, https:\/\/i0.wp.com\/www.guitare-village.com\/website\/wp-content\/uploads\/2025\/03\/IMG-20250320-WA0000.jpg?resize=300%2C300&amp;ssl=1 300w, https:\/\/i0.wp.com\/www.guitare-village.com\/website\/wp-content\/uploads\/2025\/03\/IMG-20250320-WA0000.jpg?resize=1024%2C1024&amp;ssl=1 1024w, https:\/\/i0.wp.com\/www.guitare-village.com\/website\/wp-content\/uploads\/2025\/03\/IMG-20250320-WA0000.jpg?resize=150%2C150&amp;ssl=1 150w, https:\/\/i0.wp.com\/www.guitare-village.com\/website\/wp-content\/uploads\/2025\/03\/IMG-20250320-WA0000.jpg?resize=768%2C768&amp;ssl=1 768w, https:\/\/i0.wp.com\/www.guitare-village.com\/website\/wp-content\/uploads\/2025\/03\/IMG-20250320-WA0000.jpg?resize=1536%2C1536&amp;ssl=1 1536w, https:\/\/i0.wp.com\/www.guitare-village.com\/website\/wp-content\/uploads\/2025\/03\/IMG-20250320-WA0000.jpg?resize=324%2C324&amp;ssl=1 324w, https:\/\/i0.wp.com\/www.guitare-village.com\/website\/wp-content\/uploads\/2025\/03\/IMG-20250320-WA0000.jpg?resize=416%2C416&amp;ssl=1 416w, https:\/\/i0.wp.com\/www.guitare-village.com\/website\/wp-content\/uploads\/2025\/03\/IMG-20250320-WA0000.jpg?resize=100%2C100&amp;ssl=1 100w, https:\/\/i0.wp.com\/www.guitare-village.com\/website\/wp-content\/uploads\/2025\/03\/IMG-20250320-WA0000.jpg?w=1960&amp;ssl=1 1960w\" sizes=\"auto, (max-width: 980px) 100vw, 980px\" \/><\/a><\/figure>\n<\/div>\n\n\n<h2 class=\"wp-block-heading has-text-align-center has-large-font-size\"><strong><strong>Lucas &#8211; Vendeur <\/strong><\/strong><\/h2>\n\n\n<div class=\"wp-block-image is-style-rounded\">\n<figure class=\"aligncenter size-large is-resized\"><a href=\"https:\/\/i0.wp.com\/www.guitare-village.com\/website\/wp-content\/uploads\/2025\/03\/FB_IMG_1742563829580.jpg?ssl=1\"><img data-recalc-dims=\"1\" loading=\"lazy\" decoding=\"async\" width=\"980\" height=\"980\" src=\"https:\/\/i0.wp.com\/www.guitare-village.com\/website\/wp-content\/uploads\/2025\/03\/FB_IMG_1742563829580.jpg?resize=980%2C980&#038;ssl=1\" alt=\"\" class=\"wp-image-110527\" style=\"width:300px;height:auto\" srcset=\"https:\/\/i0.wp.com\/www.guitare-village.com\/website\/wp-content\/uploads\/2025\/03\/FB_IMG_1742563829580.jpg?resize=1024%2C1024&amp;ssl=1 1024w, https:\/\/i0.wp.com\/www.guitare-village.com\/website\/wp-content\/uploads\/2025\/03\/FB_IMG_1742563829580.jpg?resize=300%2C300&amp;ssl=1 300w, https:\/\/i0.wp.com\/www.guitare-village.com\/website\/wp-content\/uploads\/2025\/03\/FB_IMG_1742563829580.jpg?resize=150%2C150&amp;ssl=1 150w, https:\/\/i0.wp.com\/www.guitare-village.com\/website\/wp-content\/uploads\/2025\/03\/FB_IMG_1742563829580.jpg?resize=768%2C768&amp;ssl=1 768w, https:\/\/i0.wp.com\/www.guitare-village.com\/website\/wp-content\/uploads\/2025\/03\/FB_IMG_1742563829580.jpg?resize=324%2C324&amp;ssl=1 324w, https:\/\/i0.wp.com\/www.guitare-village.com\/website\/wp-content\/uploads\/2025\/03\/FB_IMG_1742563829580.jpg?resize=416%2C416&amp;ssl=1 416w, https:\/\/i0.wp.com\/www.guitare-village.com\/website\/wp-content\/uploads\/2025\/03\/FB_IMG_1742563829580.jpg?resize=100%2C100&amp;ssl=1 100w, https:\/\/i0.wp.com\/www.guitare-village.com\/website\/wp-content\/uploads\/2025\/03\/FB_IMG_1742563829580.jpg?w=1080&amp;ssl=1 1080w\" sizes=\"auto, (max-width: 980px) 100vw, 980px\" \/><\/a><\/figure>\n<\/div>\n\n\n<h2 class=\"wp-block-heading has-text-align-center has-large-font-size\"><strong>Enzo &#8211; Vendeur <\/strong><\/h2>\n\n\n<div class=\"wp-block-image is-style-rounded\">\n<figure class=\"aligncenter size-large is-resized\"><a href=\"https:\/\/i0.wp.com\/www.guitare-village.com\/website\/wp-content\/uploads\/2025\/05\/014-Chris-scaled.jpeg?ssl=1\"><img data-recalc-dims=\"1\" loading=\"lazy\" decoding=\"async\" width=\"980\" height=\"955\" src=\"https:\/\/i0.wp.com\/www.guitare-village.com\/website\/wp-content\/uploads\/2025\/05\/014-Chris.jpeg?resize=980%2C955&#038;ssl=1\" alt=\"\" class=\"wp-image-112672\" style=\"width:317px;height:auto\" srcset=\"https:\/\/i0.wp.com\/www.guitare-village.com\/website\/wp-content\/uploads\/2025\/05\/014-Chris-scaled.jpeg?resize=1024%2C998&amp;ssl=1 1024w, https:\/\/i0.wp.com\/www.guitare-village.com\/website\/wp-content\/uploads\/2025\/05\/014-Chris-scaled.jpeg?resize=300%2C292&amp;ssl=1 300w, https:\/\/i0.wp.com\/www.guitare-village.com\/website\/wp-content\/uploads\/2025\/05\/014-Chris-scaled.jpeg?resize=768%2C748&amp;ssl=1 768w, https:\/\/i0.wp.com\/www.guitare-village.com\/website\/wp-content\/uploads\/2025\/05\/014-Chris-scaled.jpeg?resize=1536%2C1497&amp;ssl=1 1536w, https:\/\/i0.wp.com\/www.guitare-village.com\/website\/wp-content\/uploads\/2025\/05\/014-Chris-scaled.jpeg?resize=2048%2C1996&amp;ssl=1 2048w, https:\/\/i0.wp.com\/www.guitare-village.com\/website\/wp-content\/uploads\/2025\/05\/014-Chris-scaled.jpeg?resize=324%2C316&amp;ssl=1 324w, https:\/\/i0.wp.com\/www.guitare-village.com\/website\/wp-content\/uploads\/2025\/05\/014-Chris-scaled.jpeg?resize=416%2C405&amp;ssl=1 416w, https:\/\/i0.wp.com\/www.guitare-village.com\/website\/wp-content\/uploads\/2025\/05\/014-Chris-scaled.jpeg?w=1960&amp;ssl=1 1960w\" sizes=\"auto, (max-width: 980px) 100vw, 980px\" \/><\/a><\/figure>\n<\/div>\n\n\n<h2 class=\"wp-block-heading has-text-align-center has-large-font-size\"><strong>Chris &#8211; Vendeur <\/strong><\/h2>\n\n\n<div class=\"wp-block-image is-style-rounded\">\n<figure class=\"aligncenter size-full is-resized\"><a href=\"https:\/\/i0.wp.com\/www.guitare-village.com\/website\/wp-content\/uploads\/2025\/05\/FB_IMG_1747331191666.jpg?ssl=1\"><img data-recalc-dims=\"1\" loading=\"lazy\" decoding=\"async\" width=\"640\" height=\"640\" src=\"https:\/\/i0.wp.com\/www.guitare-village.com\/website\/wp-content\/uploads\/2025\/05\/FB_IMG_1747331191666.jpg?resize=640%2C640&#038;ssl=1\" alt=\"\" class=\"wp-image-113167\" style=\"width:314px;height:auto\" srcset=\"https:\/\/i0.wp.com\/www.guitare-village.com\/website\/wp-content\/uploads\/2025\/05\/FB_IMG_1747331191666.jpg?w=640&amp;ssl=1 640w, https:\/\/i0.wp.com\/www.guitare-village.com\/website\/wp-content\/uploads\/2025\/05\/FB_IMG_1747331191666.jpg?resize=300%2C300&amp;ssl=1 300w, https:\/\/i0.wp.com\/www.guitare-village.com\/website\/wp-content\/uploads\/2025\/05\/FB_IMG_1747331191666.jpg?resize=150%2C150&amp;ssl=1 150w, https:\/\/i0.wp.com\/www.guitare-village.com\/website\/wp-content\/uploads\/2025\/05\/FB_IMG_1747331191666.jpg?resize=324%2C324&amp;ssl=1 324w, https:\/\/i0.wp.com\/www.guitare-village.com\/website\/wp-content\/uploads\/2025\/05\/FB_IMG_1747331191666.jpg?resize=416%2C416&amp;ssl=1 416w, https:\/\/i0.wp.com\/www.guitare-village.com\/website\/wp-content\/uploads\/2025\/05\/FB_IMG_1747331191666.jpg?resize=100%2C100&amp;ssl=1 100w\" sizes=\"auto, (max-width: 640px) 100vw, 640px\" \/><\/a><\/figure>\n<\/div>\n\n\n<h2 class=\"wp-block-heading has-text-align-center has-large-font-size\"><strong><strong><strong>Manue &#8211; Assistante de gestion <\/strong><\/strong><\/strong><\/h2>\n<\/details>\n<\/div><\/div>\n\n\n\n<p><\/p>\n","protected":false},"excerpt":{"rendered":"<p>Nos Services &#8211; Bien plus qu&rsquo;un simple achat Chez Guitare Village, on ne se contente pas de vendre des instruments. On vous accompagne \u00e0 chaque \u00e9tape, avec des services pens\u00e9s pour les musiciens exigeants. Un doute ? une question ? Notre \u00e9quipe sera l\u00e0 pour vous r\u00e9pondre du mardi au samedi de 10h00 \u00e0 19h30 [&hellip;]<\/p>\n","protected":false},"author":10,"featured_media":0,"parent":0,"menu_order":0,"comment_status":"closed","ping_status":"closed","template":"","meta":{"footnotes":""},"class_list":["post-108326","page","type-page","status-publish","hentry"],"_links":{"self":[{"href":"https:\/\/www.guitare-village.com\/website\/index.php\/wp-json\/wp\/v2\/pages\/108326","targetHints":{"allow":["GET"]}}],"collection":[{"href":"https:\/\/www.guitare-village.com\/website\/index.php\/wp-json\/wp\/v2\/pages"}],"about":[{"href":"https:\/\/www.guitare-village.com\/website\/index.php\/wp-json\/wp\/v2\/types\/page"}],"author":[{"embeddable":true,"href":"https:\/\/www.guitare-village.com\/website\/index.php\/wp-json\/wp\/v2\/users\/10"}],"replies":[{"embeddable":true,"href":"https:\/\/www.guitare-village.com\/website\/index.php\/wp-json\/wp\/v2\/comments?post=108326"}],"version-history":[{"count":34,"href":"https:\/\/www.guitare-village.com\/website\/index.php\/wp-json\/wp\/v2\/pages\/108326\/revisions"}],"predecessor-version":[{"id":126711,"href":"https:\/\/www.guitare-village.com\/website\/index.php\/wp-json\/wp\/v2\/pages\/108326\/revisions\/126711"}],"wp:attachment":[{"href":"https:\/\/www.guitare-village.com\/website\/index.php\/wp-json\/wp\/v2\/media?parent=108326"}],"curies":[{"name":"wp","href":"https:\/\/api.w.org\/{rel}","templated":true}]}}