{"id":108323,"date":"2026-04-21T17:01:22","date_gmt":"2026-04-21T15:01:22","guid":{"rendered":"https:\/\/www.guitare-village.com\/website\/?page_id=108323"},"modified":"2026-04-21T17:03:30","modified_gmt":"2026-04-21T15:03:30","slug":"faq","status":"publish","type":"page","link":"https:\/\/www.guitare-village.com\/website\/index.php\/faq","title":{"rendered":"FAQ"},"content":{"rendered":"\n<p><\/p>\n\n\n\n<h1 class=\"wp-block-heading has-text-align-center\"><strong>D\u00c9P\u00d4T-VENTE ET ACHAT DIRECT<\/strong><\/h1>\n\n\n\n<p><\/p>\n\n\n\n<p><\/p>\n\n\n\n<h2 class=\"wp-block-heading\">Le d\u00e9p\u00f4t-vente <\/h2>\n\n\n\n<p> Un taux fixe, 20% sur le prix de vente. Un contrat conclu entre les deux parties pour une dur\u00e9e de 3 mois minimum avec tacite reconduction. Votre instrument est nettoy\u00e9, pr\u00e9par\u00e9 et mis en valeur sur notre site et nos r\u00e9seaux associ\u00e9s.<\/p>\n\n\n\n<p>Attention, nous ne faisons pas d&rsquo;expertise par t\u00e9l\u00e9phone ou par mail, nous fixons ensemble le prix de vente en fonction du march\u00e9 actuel. <\/p>\n\n\n\n<p>Lors du d\u00e9p\u00f4t, apr\u00e8s v\u00e9rification de votre mat\u00e9riel, nous sommes susceptibles de vous facturer d&rsquo;\u00e9ventuels travaux de remise en \u00e9tat (nettoyage, changement de cordes&#8230;).<\/p>\n\n\n\n<p>Sauf \u00e9v\u00e8nement exceptionnel, votre mat\u00e9riel sera photographi\u00e9 le lundi suivant son d\u00e9p\u00f4t en magasin et diffus\u00e9 quelques jours apr\u00e8s sur notre site.  <\/p>\n\n\n\n<div class=\"wp-block-buttons is-content-justification-right is-layout-flex wp-container-core-buttons-is-layout-d445cf74 wp-block-buttons-is-layout-flex\">\n<div class=\"wp-block-button\"><a class=\"wp-block-button__link wp-element-button\" href=\"https:\/\/www.guitare-village.com\/website\/index.php\/conditions-generales-de-depots-ventes?preview_id=107276&amp;preview_nonce=9c7f52f9f9&amp;preview=true\">Conditions G\u00e9n\u00e9rales de D\u00e9p\u00f4t-Vente<\/a><\/div>\n<\/div>\n\n\n<div class=\"wp-block-image\">\n<figure class=\"aligncenter size-large\"><img data-recalc-dims=\"1\" loading=\"lazy\" decoding=\"async\" width=\"980\" height=\"654\" src=\"https:\/\/i0.wp.com\/www.guitare-village.com\/website\/wp-content\/uploads\/2026\/04\/DSC_7072.jpeg?resize=980%2C654&#038;ssl=1\" alt=\"\" class=\"wp-image-126733\" srcset=\"https:\/\/i0.wp.com\/www.guitare-village.com\/website\/wp-content\/uploads\/2026\/04\/DSC_7072-scaled.jpeg?resize=1024%2C683&amp;ssl=1 1024w, https:\/\/i0.wp.com\/www.guitare-village.com\/website\/wp-content\/uploads\/2026\/04\/DSC_7072-scaled.jpeg?resize=300%2C200&amp;ssl=1 300w, https:\/\/i0.wp.com\/www.guitare-village.com\/website\/wp-content\/uploads\/2026\/04\/DSC_7072-scaled.jpeg?resize=768%2C512&amp;ssl=1 768w, https:\/\/i0.wp.com\/www.guitare-village.com\/website\/wp-content\/uploads\/2026\/04\/DSC_7072-scaled.jpeg?resize=1536%2C1024&amp;ssl=1 1536w, https:\/\/i0.wp.com\/www.guitare-village.com\/website\/wp-content\/uploads\/2026\/04\/DSC_7072-scaled.jpeg?resize=2048%2C1365&amp;ssl=1 2048w, https:\/\/i0.wp.com\/www.guitare-village.com\/website\/wp-content\/uploads\/2026\/04\/DSC_7072-scaled.jpeg?resize=324%2C216&amp;ssl=1 324w, https:\/\/i0.wp.com\/www.guitare-village.com\/website\/wp-content\/uploads\/2026\/04\/DSC_7072-scaled.jpeg?resize=416%2C277&amp;ssl=1 416w, https:\/\/i0.wp.com\/www.guitare-village.com\/website\/wp-content\/uploads\/2026\/04\/DSC_7072-scaled.jpeg?w=1960&amp;ssl=1 1960w\" sizes=\"auto, (max-width: 980px) 100vw, 980px\" \/><figcaption class=\"wp-element-caption\">cr\u00e9dits : Franck Rousseau<\/figcaption><\/figure>\n<\/div>\n\n\n<h2 class=\"wp-block-heading\">L&rsquo;achat Direct<\/h2>\n\n\n\n<p>Nous pouvons racheter votre mat\u00e9riel dans le cadre d&rsquo;un rachat de mat\u00e9riel (uniquement neuf ou occasions appartenant au magasin). Le prix propos\u00e9 est naturellement plus bas que ce que vous pourriez obtenir en d\u00e9p\u00f4t-vente.<\/p>\n\n\n\n<p><\/p>\n\n\n\n<p><\/p>\n\n\n\n<h2 class=\"wp-block-heading\"><strong>Nos adresses de contact mail<\/strong> :<\/h2>\n\n\n\n<p><strong>Si vous souhaitez obtenir des informations sur le mat\u00e9riel en vente ou sur les modalit\u00e9s de mise en d\u00e9p\u00f4t-vente de votre mat\u00e9riel :<\/strong>  <a href=\"mailto:infoguitarevillage@gmail.com\">infoguitarevillage@gmail.com<\/a><\/p>\n\n\n\n<p><strong>Informations G\u00e9n\u00e9rales, paiement des d\u00e9p\u00f4ts, contact fournisseurs :<\/strong> <a href=\"mailto:contact@guitare-village.com\">contact@guitare-village.com<\/a><\/p>\n\n\n\n<p><\/p>\n\n\n\n<p><\/p>\n","protected":false},"excerpt":{"rendered":"<p>D\u00c9P\u00d4T-VENTE ET ACHAT DIRECT Le d\u00e9p\u00f4t-vente Un taux fixe, 20% sur le prix de vente. Un contrat conclu entre les deux parties pour une dur\u00e9e de 3 mois minimum avec tacite reconduction. Votre instrument est nettoy\u00e9, pr\u00e9par\u00e9 et mis en valeur sur notre site et nos r\u00e9seaux associ\u00e9s. Attention, nous ne faisons pas d&rsquo;expertise par [&hellip;]<\/p>\n","protected":false},"author":10,"featured_media":126733,"parent":0,"menu_order":0,"comment_status":"closed","ping_status":"closed","template":"","meta":{"footnotes":""},"class_list":["post-108323","page","type-page","status-publish","has-post-thumbnail","hentry"],"_links":{"self":[{"href":"https:\/\/www.guitare-village.com\/website\/index.php\/wp-json\/wp\/v2\/pages\/108323","targetHints":{"allow":["GET"]}}],"collection":[{"href":"https:\/\/www.guitare-village.com\/website\/index.php\/wp-json\/wp\/v2\/pages"}],"about":[{"href":"https:\/\/www.guitare-village.com\/website\/index.php\/wp-json\/wp\/v2\/types\/page"}],"author":[{"embeddable":true,"href":"https:\/\/www.guitare-village.com\/website\/index.php\/wp-json\/wp\/v2\/users\/10"}],"replies":[{"embeddable":true,"href":"https:\/\/www.guitare-village.com\/website\/index.php\/wp-json\/wp\/v2\/comments?post=108323"}],"version-history":[{"count":9,"href":"https:\/\/www.guitare-village.com\/website\/index.php\/wp-json\/wp\/v2\/pages\/108323\/revisions"}],"predecessor-version":[{"id":126736,"href":"https:\/\/www.guitare-village.com\/website\/index.php\/wp-json\/wp\/v2\/pages\/108323\/revisions\/126736"}],"wp:featuredmedia":[{"embeddable":true,"href":"https:\/\/www.guitare-village.com\/website\/index.php\/wp-json\/wp\/v2\/media\/126733"}],"wp:attachment":[{"href":"https:\/\/www.guitare-village.com\/website\/index.php\/wp-json\/wp\/v2\/media?parent=108323"}],"curies":[{"name":"wp","href":"https:\/\/api.w.org\/{rel}","templated":true}]}}